{"id":13,"date":"2020-08-16T18:35:47","date_gmt":"2020-08-16T18:35:47","guid":{"rendered":"https:\/\/efficientplant.com\/home\/"},"modified":"2026-04-16T21:28:06","modified_gmt":"2026-04-16T21:28:06","slug":"home","status":"publish","type":"page","link":"https:\/\/efficientplant.com\/fr\/","title":{"rendered":"Mission"},"content":{"rendered":"<div class=\"wp-block-coblocks-hero alignfull coblocks-hero-316151922578\"><div class=\"wp-block-coblocks-hero__inner bg-cover has-background-image bg-no-repeat bg-center-center hero-center-left-align has-padding has-huge-padding\" style=\"background-image:url(https:\/\/efficientplant.com\/wp-content\/uploads\/2026\/04\/home-image-2.jpg);min-height:500px\"><div class=\"wp-block-coblocks-hero__content-wrapper\"><div class=\"wp-block-coblocks-hero__content\" style=\"max-width:676px\">\n<h4 class=\"wp-block-heading has-custom-weight\" style=\"font-weight:bold\"><strong>Partenaire de vos ambitions manufacturi\u00e8res:<\/strong><\/h4>\n\n\n\n<p style=\"line-height:1.5;font-size:22px\" class=\"has-custom-lineheight\">EPI se sp\u00e9cialise en conseil en mati\u00e8re d'Industrie 4.0, ainsi que de d\u00e9veloppement, d'int\u00e9gration et d'exploitation de syst\u00e8mes d'automatisation complexes. <\/p>\n\n\n\n<p style=\"line-height:1.5;font-size:22px\" class=\"has-custom-lineheight\">Nous utilisons des technologies de pointe et livrons nos projets dans le respect des d\u00e9lais et du budget.<\/p>\n\n\n\n<div class=\"wp-block-buttons is-layout-flex wp-block-buttons-is-layout-flex\">\n<div class=\"wp-block-button\"><a class=\"wp-block-button__link wp-element-button\" href=\"https:\/\/efficientplant.com\/fr\/contact\/\">contact<\/a><\/div>\n\n\n<\/div>\n<\/div><\/div><\/div><\/div>\n\n\n\n<h5 class=\"wp-block-heading\">Nous fournissons les services de qualit\u00e9 dont nos clients ont besoin pour construire de nouvelles usines, moderniser les installations existantes, optimiser les processus et mettre en \u0153uvre de nouvelles technologies dans les usines en service (+r\u00e9troconversion)<\/h5>\n\n\n\n<p style=\"line-height:1.5;font-size:25px\" class=\"has-custom-lineheight mb-0 pb-0 mt-0 pt-0\"><strong>Services conseil<\/strong><\/p>\n\n\n\n<p style=\"line-height:1.5\" class=\"has-custom-lineheight mt-0 pt-0\">\u00c0 partir de vos choix technologiques et des besoins de vos utilisateurs, nous planifions, g\u00e9rons, ex\u00e9cutons et livrons des syst\u00e8mes d'automatisation qui r\u00e9pondent \u00e0 vos attentes.<\/p>\n\n\n\n<p><\/p>\n\n\n\n<p><\/p>\n\n\n\n<p style=\"line-height:1;font-size:25px\" class=\"has-custom-lineheight mb-0 pb-0\"><strong>Industrie 4.0<\/strong><\/p>\n\n\n\n<p style=\"line-height:1.5\" class=\"has-custom-lineheight mt-0 pt-0\">De l'audit \u00e0 la s\u00e9lection des technologies, en passant par l'installation et le d\u00e9marrage, nous vous accompagnerons tout au long de votre parcours num\u00e9rique.<\/p>\n\n\n\n<p><\/p>\n\n\n\n<p><\/p>\n\n\n\n<p style=\"line-height:1;font-size:25px\" class=\"has-custom-lineheight mb-0 pb-0\"><strong>Gestion de projet<\/strong><\/p>\n\n\n\n<p style=\"line-height:1.5;letter-spacing:1px\" class=\"has-custom-lineheight has-custom-letterspacing mt-0 pt-0\">Avec plus de 100 ans d'exp\u00e9rience cumul\u00e9e dans la gestion de projet, notre \u00e9quipe peut fournir le leadership en gestion de projet dont vous avez besoin.<\/p>\n\n\n\n<p><\/p>\n\n\n\n<p><\/p>\n\n\n\n<p style=\"line-height:1;font-size:25px\" class=\"has-custom-lineheight mb-0 pb-0\"><strong>Am\u00e9lioration des processus d'affaires<\/strong><\/p>\n\n\n\n<p style=\"line-height:1.5\" class=\"has-custom-lineheight mt-0 pt-0\">Si vos besoins ne sont pas seulement sp\u00e9cifiques \u00e0 un seul projet mais couvrent un programme ou un portefeuille entier, nous sommes les sp\u00e9cialistes dont vous avez besoin pour r\u00e9ussir.<\/p>\n\n\n\n<p><\/p>\n\n\n\n<p><\/p>\n\n\n\n<p style=\"line-height:1;font-size:25px\" class=\"has-custom-lineheight mb-0 pb-0\"><strong>Am\u00e9lioration des processus industriels<\/strong><\/p>\n\n\n\n<p style=\"line-height:1.5\" class=\"has-custom-lineheight mt-0 pt-0\">Tous nos consultants ont d\u00e9velopp\u00e9 leur exp\u00e9rience dans le milieu manufacturier et comprennent non seulement les besoins de vos projets et de votre entreprise, mais aussi la raison d'\u00eatre de ces projets : la fabrication de produits qui permettront \u00e0 votre entreprise de prosp\u00e9rer.<\/p>\n\n\n\n<p><\/p>\n\n\n\n<p><\/p>\n\n\n\n<p style=\"line-height:1;font-size:25px\" class=\"has-custom-lineheight mb-0 pb-0\"><strong>Am\u00e9lioration de la performance des contr\u00f4les<\/strong><\/p>\n\n\n\n<p style=\"line-height:1.5\" class=\"has-custom-lineheight mt-0 pt-0\">Nous avons d\u00e9velopp\u00e9 une grande partie de notre exp\u00e9rience dans le monde de l'automatisation et des contr\u00f4les. Nous savons ce qui est important pour maximiser la performance de vos syst\u00e8mes de fabrication et de contr\u00f4le, de mani\u00e8re efficace, afin d'optimiser vos op\u00e9rations manufacturi\u00e8res.<\/p>\n\n\n\n<p><\/p>\n\n\n\n<p><\/p>\n\n\n\n<p style=\"line-height:1;font-size:24px\" class=\"has-custom-lineheight mb-0 pb-0\"><strong>MES<\/strong><\/p>\n\n\n\n<p style=\"line-height:1.5\" class=\"has-custom-lineheight mt-0 pt-0\">Les syst\u00e8mes d'ex\u00e9cution manufacturi\u00e8re (Manufacturing Execution Systems) sont de plus en plus populaires, mais tr\u00e8s peu d'impl\u00e9mentations sont couronn\u00e9es de succ\u00e8s. Notre sp\u00e9cialiste peut identifier pourquoi et vous aider \u00e0 \u00e9viter les pi\u00e8ge auxquels la plupart des entreprises sont confront\u00e9es.<\/p>\n\n\n\n<p><\/p>\n\n\n\n<p><\/p>\n\n\n\n<p style=\"line-height:1;font-size:25px\" class=\"has-custom-lineheight mb-0 pb-0\"><strong>Services techniques d'automatisation<\/strong><\/p>\n\n\n\n<p style=\"line-height:1.5\" class=\"has-custom-lineheight mt-0 pt-0\">Outre nos consultants en gestion de projet, nous assurons \u00e9galement la direction technique de votre projet d'automatisation.<\/p>\n\n\n\n<p><\/p>\n\n\n\n<p><\/p>\n\n\n\n<p style=\"line-height:1;font-size:25px\" class=\"has-custom-lineheight mb-0 pb-0\"><strong>Services de soutien \u00e0 la production<\/strong><\/p>\n\n\n\n<p style=\"line-height:1.5\" class=\"has-custom-lineheight mt-0 pt-0\">Nos consultants peuvent soutenir vos op\u00e9rations de production d'une mani\u00e8re diff\u00e9rente de celle des autres entreprises. L'accent \u00e9tant mis sur l'automatisation, notre approche am\u00e9liorera votre r\u00e9sultat net : la rentabilit\u00e9.<\/p>\n\n\n\n<p><\/p>\n\n\n\n<p><\/p>\n\n\n\n<p style=\"line-height:1;font-size:25px\" class=\"has-custom-lineheight mb-0 pb-0\"><strong>Formation<\/strong><\/p>\n\n\n\n<p style=\"line-height:1.5\" class=\"has-custom-lineheight mt-0 pt-0\">En collaboration avec notre partenaire SkillPad, notre sp\u00e9cialiste travaillera avec les employ\u00e9s de votre projet ou de vos op\u00e9rations afin d'identifier les domaines dans lesquels notre formation assist\u00e9e par ordinateur sera la plus profitable pour votre entreprise.<\/p>\n\n\n\n<figure class=\"wp-block-gallery alignwide has-nested-images columns-default is-cropped wp-block-gallery-2 is-layout-flex wp-block-gallery-is-layout-flex\">\n<figure class=\"wp-block-image size-large\"><img loading=\"lazy\" decoding=\"async\" width=\"1024\" height=\"768\" data-id=\"286\" src=\"https:\/\/efficientplant.com\/wp-content\/uploads\/2021\/06\/brochureFR1-1.png\" alt=\"Our services1\" class=\"wp-image-286\" srcset=\"https:\/\/efficientplant.com\/wp-content\/uploads\/2021\/06\/brochureFR1-1.png 1984w, https:\/\/efficientplant.com\/wp-content\/uploads\/2021\/06\/brochureFR1-1-300x225.png 300w, https:\/\/efficientplant.com\/wp-content\/uploads\/2021\/06\/brochureFR1-1-1024x768.png 1024w, https:\/\/efficientplant.com\/wp-content\/uploads\/2021\/06\/brochureFR1-1-768x576.png 768w, https:\/\/efficientplant.com\/wp-content\/uploads\/2021\/06\/brochureFR1-1-1536x1152.png 1536w, https:\/\/efficientplant.com\/wp-content\/uploads\/2021\/06\/brochureFR1-1-16x12.png 16w\" sizes=\"auto, (max-width: 1024px) 100vw, 1024px\" \/><\/figure>\n\n\n\n<figure class=\"wp-block-image size-large\"><img loading=\"lazy\" decoding=\"async\" width=\"1024\" height=\"768\" data-id=\"288\" src=\"https:\/\/efficientplant.com\/wp-content\/uploads\/2021\/06\/brochureFR2.png\" alt=\"Our services2\" class=\"wp-image-288\" srcset=\"https:\/\/efficientplant.com\/wp-content\/uploads\/2021\/06\/brochureFR2.png 1984w, https:\/\/efficientplant.com\/wp-content\/uploads\/2021\/06\/brochureFR2-300x225.png 300w, https:\/\/efficientplant.com\/wp-content\/uploads\/2021\/06\/brochureFR2-1024x768.png 1024w, https:\/\/efficientplant.com\/wp-content\/uploads\/2021\/06\/brochureFR2-768x576.png 768w, https:\/\/efficientplant.com\/wp-content\/uploads\/2021\/06\/brochureFR2-1536x1152.png 1536w, https:\/\/efficientplant.com\/wp-content\/uploads\/2021\/06\/brochureFR2-16x12.png 16w\" sizes=\"auto, (max-width: 1024px) 100vw, 1024px\" \/><\/figure>\n<\/figure>","protected":false},"excerpt":{"rendered":"<p>We provide our clients the quality services they require in order to build new plants; modernize existing facilities; optimize processes; and apply new technology in operating plants (+retrofitting): Consulting From your technology&nbsp;choices&nbsp;and user requirements we will plan,&nbsp;manage , execute and deliver automation systems that achieve your expectations. Industry 4.0 From Audit, technology selection, installation, and [&hellip;]<\/p>\n","protected":false},"author":1,"featured_media":0,"parent":0,"menu_order":0,"comment_status":"closed","ping_status":"closed","template":"","meta":{"_coblocks_attr":"","_coblocks_dimensions":"{\"coblocks-hero-72610820715\":{\"padding\":{}},\"coblocks-hero-316151922578\":{\"padding\":{}}}","_coblocks_responsive_height":"","_coblocks_accordion_ie_support":"","hide_page_title":"","footnotes":""},"class_list":["post-13","page","type-page","status-publish","hentry"],"_links":{"self":[{"href":"https:\/\/efficientplant.com\/fr\/wp-json\/wp\/v2\/pages\/13","targetHints":{"allow":["GET"]}}],"collection":[{"href":"https:\/\/efficientplant.com\/fr\/wp-json\/wp\/v2\/pages"}],"about":[{"href":"https:\/\/efficientplant.com\/fr\/wp-json\/wp\/v2\/types\/page"}],"author":[{"embeddable":true,"href":"https:\/\/efficientplant.com\/fr\/wp-json\/wp\/v2\/users\/1"}],"replies":[{"embeddable":true,"href":"https:\/\/efficientplant.com\/fr\/wp-json\/wp\/v2\/comments?post=13"}],"version-history":[{"count":18,"href":"https:\/\/efficientplant.com\/fr\/wp-json\/wp\/v2\/pages\/13\/revisions"}],"predecessor-version":[{"id":534,"href":"https:\/\/efficientplant.com\/fr\/wp-json\/wp\/v2\/pages\/13\/revisions\/534"}],"wp:attachment":[{"href":"https:\/\/efficientplant.com\/fr\/wp-json\/wp\/v2\/media?parent=13"}],"curies":[{"name":"wp","href":"https:\/\/api.w.org\/{rel}","templated":true}]}}