{"id":153,"date":"2021-04-14T20:00:22","date_gmt":"2021-04-14T20:00:22","guid":{"rendered":"https:\/\/efficientplant.com\/?page_id=153"},"modified":"2021-06-02T20:43:20","modified_gmt":"2021-06-02T20:43:20","slug":"resources","status":"publish","type":"page","link":"https:\/\/efficientplant.com\/fr\/resources\/","title":{"rendered":"Ressources"},"content":{"rendered":"<p>Consultez nos derni\u00e8res publications:<\/p>\n\n\n\n<ul class=\"has-primary-color has-text-color wp-block-list\" style=\"color:rgb(22,81,83)\"><li><a href=\"https:\/\/efficientplant.com\/fr\/usine-sans-papier\/\" data-type=\"URL\" data-id=\"https:\/\/efficientplant.com\/usine-sans-papier\/\">Fiche technique - Usine sans papier <\/a><\/li><li><a href=\"https:\/\/efficientplant.com\/fr\/modele-4-0\/\" data-type=\"URL\" data-id=\"https:\/\/efficientplant.com\/modele-4-0\/\">Livre blanc - Industrie 4.0: Maturit\u00e9 num\u00e9rique des processus de production <\/a><\/li><li><a href=\"https:\/\/efficientplant.com\/fr\/resources\/pme21\/\" data-type=\"URL\" data-id=\"https:\/\/efficientplant.com\/resources\/pme21\/\">PME21\u00a9 - Notre approche int\u00e9gr\u00e9e et acc\u00e9l\u00e9r\u00e9e de planifier et ex\u00e9cuter des projets num\u00e9riques 4.0 <\/a><\/li><li><a href=\"https:\/\/efficientplant.com\/fr\/resources\/symbiotic-advanced-manufacturing-sam\/\" data-type=\"URL\" data-id=\"https:\/\/efficientplant.com\/resources\/symbiotic-advanced-manufacturing-sam\/\">Manufacturier avanc\u00e9 symbiotique (SAM)<\/a><a href=\"https:\/\/efficientplant.com\/fr\/resources\/pme21\/\"><\/a><a href=\"https:\/\/efficientplant.com\/fr\/resources\/pme21\/\">\u00a9<\/a> <\/li><\/ul>","protected":false},"excerpt":{"rendered":"<p>The following resources are available in French: Factsheet &#8211; Paperless Plant White Paper &#8211; Industrie 4.0: Digital maturity of manufacturing processes SME21\u00a9 &#8211; Our integrated and accelerated approach to planning and executing digital 4.0 projects Symbiotic Advanced Manufacturing (SAM)\u00a9<\/p>","protected":false},"author":1,"featured_media":0,"parent":0,"menu_order":0,"comment_status":"closed","ping_status":"closed","template":"","meta":{"_coblocks_attr":"","_coblocks_dimensions":"","_coblocks_responsive_height":"","_coblocks_accordion_ie_support":"","hide_page_title":"","footnotes":""},"class_list":["post-153","page","type-page","status-publish","hentry"],"_links":{"self":[{"href":"https:\/\/efficientplant.com\/fr\/wp-json\/wp\/v2\/pages\/153","targetHints":{"allow":["GET"]}}],"collection":[{"href":"https:\/\/efficientplant.com\/fr\/wp-json\/wp\/v2\/pages"}],"about":[{"href":"https:\/\/efficientplant.com\/fr\/wp-json\/wp\/v2\/types\/page"}],"author":[{"embeddable":true,"href":"https:\/\/efficientplant.com\/fr\/wp-json\/wp\/v2\/users\/1"}],"replies":[{"embeddable":true,"href":"https:\/\/efficientplant.com\/fr\/wp-json\/wp\/v2\/comments?post=153"}],"version-history":[{"count":12,"href":"https:\/\/efficientplant.com\/fr\/wp-json\/wp\/v2\/pages\/153\/revisions"}],"predecessor-version":[{"id":419,"href":"https:\/\/efficientplant.com\/fr\/wp-json\/wp\/v2\/pages\/153\/revisions\/419"}],"wp:attachment":[{"href":"https:\/\/efficientplant.com\/fr\/wp-json\/wp\/v2\/media?parent=153"}],"curies":[{"name":"wp","href":"https:\/\/api.w.org\/{rel}","templated":true}]}}