{"id":180,"date":"2021-05-07T15:02:00","date_gmt":"2021-05-07T15:02:00","guid":{"rendered":"https:\/\/efficientplant.com\/?page_id=180"},"modified":"2021-08-21T01:40:01","modified_gmt":"2021-08-21T01:40:01","slug":"pme21","status":"publish","type":"page","link":"https:\/\/efficientplant.com\/fr\/resources\/pme21\/","title":{"rendered":"PME21\u00a9"},"content":{"rendered":"<div class=\"wp-block-file\"><a href=\"https:\/\/efficientplant.com\/wp-content\/uploads\/2021\/07\/PME21_v2.4.pdf\">PME21- Notre approche int\u00e9gr\u00e9e et acc\u00e9l\u00e9r\u00e9e de planifier et ex\u00e9cuter des projets num\u00e9riques 4.0 <\/a><a href=\"https:\/\/efficientplant.com\/wp-content\/uploads\/2021\/07\/PME21_v2.4.pdf\" class=\"wp-block-file__button\" download>T\u00e9l\u00e9charger<\/a><\/div>\n\n\n\n<div class=\"wp-block-file\"><a href=\"https:\/\/efficientplant.com\/wp-content\/uploads\/2021\/07\/PME21_v2.4-EN-1.pdf\">PME21 &#8211; Our integrated and accelerated approach to plan and execute 4.0 digital projects <\/a><a href=\"https:\/\/efficientplant.com\/wp-content\/uploads\/2021\/07\/PME21_v2.4-EN-1.pdf\" class=\"wp-block-file__button\" download>T\u00e9l\u00e9charger<\/a><\/div>\n\n\n\n<hr class=\"wp-block-separator\"\/>\n\n\n\n<hr class=\"wp-block-separator is-style-wide\"\/>\n\n\n\n<h5 class=\"wp-block-heading\"><strong>Aper\u00e7u:<\/strong><\/h5>\n\n\n\n<div class=\"wp-block-image mb-0 mt-0\"><figure class=\"aligncenter size-full is-resized\"><img loading=\"lazy\" decoding=\"async\" src=\"https:\/\/efficientplant.com\/wp-content\/uploads\/2021\/07\/PME21_v2.4-EN_1.jpg\" alt=\"\" class=\"wp-image-373\" width=\"727\" height=\"941\" srcset=\"https:\/\/efficientplant.com\/wp-content\/uploads\/2021\/07\/PME21_v2.4-EN_1.jpg 1020w, https:\/\/efficientplant.com\/wp-content\/uploads\/2021\/07\/PME21_v2.4-EN_1-232x300.jpg 232w, https:\/\/efficientplant.com\/wp-content\/uploads\/2021\/07\/PME21_v2.4-EN_1-791x1024.jpg 791w, https:\/\/efficientplant.com\/wp-content\/uploads\/2021\/07\/PME21_v2.4-EN_1-768x994.jpg 768w, https:\/\/efficientplant.com\/wp-content\/uploads\/2021\/07\/PME21_v2.4-EN_1-9x12.jpg 9w\" sizes=\"auto, (max-width: 727px) 100vw, 727px\" \/><\/figure><\/div>","protected":false},"excerpt":{"rendered":"<p>Aper\u00e7u:<\/p>","protected":false},"author":2,"featured_media":0,"parent":153,"menu_order":2,"comment_status":"closed","ping_status":"closed","template":"","meta":{"_coblocks_attr":"","_coblocks_dimensions":"","_coblocks_responsive_height":"","_coblocks_accordion_ie_support":"","hide_page_title":"","footnotes":""},"class_list":["post-180","page","type-page","status-publish","hentry"],"_links":{"self":[{"href":"https:\/\/efficientplant.com\/fr\/wp-json\/wp\/v2\/pages\/180","targetHints":{"allow":["GET"]}}],"collection":[{"href":"https:\/\/efficientplant.com\/fr\/wp-json\/wp\/v2\/pages"}],"about":[{"href":"https:\/\/efficientplant.com\/fr\/wp-json\/wp\/v2\/types\/page"}],"author":[{"embeddable":true,"href":"https:\/\/efficientplant.com\/fr\/wp-json\/wp\/v2\/users\/2"}],"replies":[{"embeddable":true,"href":"https:\/\/efficientplant.com\/fr\/wp-json\/wp\/v2\/comments?post=180"}],"version-history":[{"count":11,"href":"https:\/\/efficientplant.com\/fr\/wp-json\/wp\/v2\/pages\/180\/revisions"}],"predecessor-version":[{"id":380,"href":"https:\/\/efficientplant.com\/fr\/wp-json\/wp\/v2\/pages\/180\/revisions\/380"}],"up":[{"embeddable":true,"href":"https:\/\/efficientplant.com\/fr\/wp-json\/wp\/v2\/pages\/153"}],"wp:attachment":[{"href":"https:\/\/efficientplant.com\/fr\/wp-json\/wp\/v2\/media?parent=180"}],"curies":[{"name":"wp","href":"https:\/\/api.w.org\/{rel}","templated":true}]}}