{"id":258,"date":"2021-06-02T20:00:10","date_gmt":"2021-06-02T20:00:10","guid":{"rendered":"https:\/\/efficientplant.com\/?page_id=258"},"modified":"2023-06-23T15:54:35","modified_gmt":"2023-06-23T15:54:35","slug":"blog","status":"publish","type":"page","link":"https:\/\/efficientplant.com\/fr\/blog\/","title":{"rendered":"Nouvelles"},"content":{"rendered":"<hr class=\"wp-block-separator has-text-color has-primary-color has-css-opacity has-primary-background-color has-background is-style-wide\"\/>\n\n\n\n<h1 class=\"wp-block-heading has-text-align-center\">Blogue<\/h1>\n\n\n<div class=\"wp-block-coblocks-posts is-style-horizontal\"><div class=\"wp-block-coblocks-posts__inner has-columns has-1-columns has-responsive-columns has-image-right has-medium-image has-square-image\"><div class=\"wp-block-coblocks-posts__item\"><div class=\"wp-block-coblocks-posts__content flex-start\"><a href=\"https:\/\/efficientplant.com\/fr\/maturite-numerique-quelle-est-la-votre\/\" alt=\"Digital maturity: What&#8217;s Yours?\">Maturit\u00e9 num\u00e9rique: Quelle est la v\u00f4tre?<\/a><div class=\"wp-block-coblocks-posts__excerpt\">In a previously-cited blog (&quot;4.0 Digital Maturity? Yes, but then&#8230;&quot; &#8211; https:\/\/efficientplant.com\/blog\/&nbsp;) I referred to the \u2018holistic\u2019&nbsp;Acatech model. The Acatech model stems from the observation that an Industrie 4.0-based transformation cannot only consider the technological &hellip; <\/div><\/div><\/div><div class=\"wp-block-coblocks-posts__item\"><div class=\"wp-block-coblocks-posts__content flex-start\"><a href=\"https:\/\/efficientplant.com\/fr\/maturite-numerique-4-0-oui-mais-encore\/\" alt=\"4.0 Digital Maturity? Yes, but then again\u2026\">Maturit\u00e9 num\u00e9rique 4.0 ? Oui, mais encore...<\/a><div class=\"wp-block-coblocks-posts__excerpt\">Author: Bernard Boire, M.Sc.A. , FIC When looking at a digital transformation, after having determined and quantified a company\u2019s strategic and operational objectives, the second step consists in evaluating its digital maturity. According to the &hellip; <\/div><\/div><\/div><\/div><\/div>\n\n\n<hr class=\"wp-block-separator has-css-opacity is-style-wide\"\/>\n\n\n\n<p class=\"has-primary-color has-text-color\"><\/p>\n\n\n\n<div style=\"height:100px\" aria-hidden=\"true\" class=\"wp-block-spacer\"><\/div>\n\n\n\n<h4 class=\"wp-block-heading has-text-align-left\">Consultez nos billets r\u00e9cents sur LinkedIn<\/h4>\n\n\n<div class=\"wp-block-coblocks-social wp-block-coblocks-social-profiles has-colors\"><ul><li><a href=\"https:\/\/www.linkedin.com\/company\/efficient-plant-inc-\/posts\/?feedView=all&#038;viewAsMember=true\" title=\"Linkedin\" class=\"wp-block-button__link wp-block-coblocks-social__button wp-block-coblocks-social__button--linkedin has-padding\" style=\"border-radius:40px\"><span class=\"wp-block-coblocks-social__icon\"><\/span><span class=\"wp-block-coblocks-social__text\">Linkedin<\/span><\/a><\/li><\/ul><\/div>\n\n\n<p><\/p>","protected":false},"excerpt":{"rendered":"<p>Blog View our latest posts on LinkedIn<\/p>","protected":false},"author":1,"featured_media":0,"parent":0,"menu_order":0,"comment_status":"closed","ping_status":"closed","template":"","meta":{"_coblocks_attr":"","_coblocks_dimensions":"","_coblocks_responsive_height":"","_coblocks_accordion_ie_support":"","hide_page_title":"","footnotes":""},"class_list":["post-258","page","type-page","status-publish","hentry"],"_links":{"self":[{"href":"https:\/\/efficientplant.com\/fr\/wp-json\/wp\/v2\/pages\/258","targetHints":{"allow":["GET"]}}],"collection":[{"href":"https:\/\/efficientplant.com\/fr\/wp-json\/wp\/v2\/pages"}],"about":[{"href":"https:\/\/efficientplant.com\/fr\/wp-json\/wp\/v2\/types\/page"}],"author":[{"embeddable":true,"href":"https:\/\/efficientplant.com\/fr\/wp-json\/wp\/v2\/users\/1"}],"replies":[{"embeddable":true,"href":"https:\/\/efficientplant.com\/fr\/wp-json\/wp\/v2\/comments?post=258"}],"version-history":[{"count":10,"href":"https:\/\/efficientplant.com\/fr\/wp-json\/wp\/v2\/pages\/258\/revisions"}],"predecessor-version":[{"id":476,"href":"https:\/\/efficientplant.com\/fr\/wp-json\/wp\/v2\/pages\/258\/revisions\/476"}],"wp:attachment":[{"href":"https:\/\/efficientplant.com\/fr\/wp-json\/wp\/v2\/media?parent=258"}],"curies":[{"name":"wp","href":"https:\/\/api.w.org\/{rel}","templated":true}]}}